{"id":140,"date":"2015-05-20T13:28:25","date_gmt":"2015-05-20T11:28:25","guid":{"rendered":"http:\/\/schwabeimmo.effektor-showcase.de\/?page_id=140"},"modified":"2026-02-24T14:52:38","modified_gmt":"2026-02-24T13:52:38","slug":"partner","status":"publish","type":"page","link":"https:\/\/mauerwerk-immobilien.de\/index.php\/ueber-uns\/partner\/","title":{"rendered":"Tippgeberprovision"},"content":{"rendered":"<p><a href=\"https:\/\/mauerwerk-immobilien.de\/wp-content\/uploads\/2015\/05\/DSC_0921-2-e1550601453883.jpg\"><img decoding=\"async\" loading=\"lazy\" class=\"aligncenter size-full wp-image-323\" src=\"https:\/\/mauerwerk-immobilien.de\/wp-content\/uploads\/2015\/05\/DSC_0921-2-e1550601453883.jpg\" alt=\"\" width=\"600\" height=\"523\" \/><\/a><\/p>\n<h3><span style=\"color: #993300;\">Tippgeberprovision<\/span><\/h3>\n<p>Ich beteilige Sie an meinen Erfolg.<\/p>\n<p>Sie haben von Bekannten, Verwandten, Freunden, Nachbarn oder Ihrem Vermieter erfahren, dass sie ihre Wohnung oder ihr Hauses verkaufen m\u00f6chten?<\/p>\n<p>Erz\u00e4hlen Sie mir davon und empfehlen Sie mich weiter. F\u00fchrt Ihr Tipp zum Abschluss eines Notariellen Kaufvertrags der von Ihnen genannten Immobilie durch mich, bekommen Sie als Tippgeber<strong> 11 %<\/strong> von unserer Maklernettoprovision ab..<\/p>\n<p>Ein Wissensvorsprung beim Finden einer Immobilie spielt oft eine gro\u00dfe Rolle. Um meinen Kunden eine pers\u00f6nliche und gute Beratung bieten zu k\u00f6nnen und als ortsans\u00e4ssiger Makler den besten Wissensvorsprung gew\u00e4hrleisten zu k\u00f6nnen, ist Ihr Tipp besonders wichtig.<\/p>\n<p>Sie kennen jemanden der Lust auf Ver\u00e4nderungen hat und der plant in naher Zukunft sein Haus oder seine Wohnung zu verkaufen. Geben Sie mir diesen Tipp und ich biete diesem Menschen eine pers\u00f6nliche und nach dem Bed\u00fcrfnis abgestimmte Unterst\u00fctzung beim Verkauf der Immobilie.<\/p>\n<p>Verkaufen ich die Immobilie schlie\u00dflich erfolgreich, bekommen Sie als Tippgeber <strong>11 %<\/strong> von unserer Maklernettoprovision ab<strong>.<\/strong><\/p>\n<p>Berechnungsbeispiel<\/p>\n<p>Kaufpreis Haus 600.000 \u20ac<\/p>\n<p>Summe Maklerprovision Netto 34.020,00 \u20ac<\/p>\n<p>Ihre Tippgeber-Provision <strong>11%<\/strong> = 3742<strong>,20 \u20ac<\/strong><\/p>\n<p>Werte Netto, jeweils ohne Mehrwertsteuer<\/p>\n<p>Was ist bei einen Tipp zu beachten?<\/p>\n<p>Damit ich Ihnen die Tippgeberprovision zahlen kann. Muss der Tipp folgendes erf\u00fcllen.<\/p>\n<ol>\n<li>Das Haus, die Wohnung oder das Grundst\u00fcck ist mir noch unbekannt.<\/li>\n<li>Das Haus, die Wohnung oder das Grundst\u00fcck wird noch nicht \u00f6ffentlich zum Verkauf angeboten, zum Beispiel im Internet, in der Zeitung, mit Hilfe von Verkaufsschildern oder anderen Verkaufsma\u00dfnahmen.<\/li>\n<li>Das Haus, die Wohnung oder das Grundst\u00fcck befindet sich in unserem T\u00e4tigkeitsgebiet.<\/li>\n<li>Sie sind kein Ehe-, Lebenspartner oder Kind des Eigent\u00fcmer der betreffenden Immobilie. Ansonsten k\u00f6nnen Sie als Tippgeber mit dem Eigent\u00fcmer der Immobilie bekannt sein.<\/li>\n<li>Pro Immobilie kann nur ein Tipp ber\u00fccksichtigt werden.<\/li>\n<\/ol>\n<p>Wie geht es nach Ihrem Tipp weiter?<\/p>\n<p>Nach dem Tipp pr\u00fcfe ich den Tipp, ob dieser die Voraussetzung erf\u00fcllt.<\/p>\n<p>Ich nehme dann Kontakt zu dem Eigent\u00fcmer auf und vereinbaren einen pers\u00f6nlichen Termin.<\/p>\n<p>Wenn der Eigent\u00fcmer uns den qualifizierten Makleralleinauftrag zum Verkauf der Immobilie erteilt, beginnt die Vermarktung. Bei erfolgreichen Verkauf durch uns und nach Eingang der Gesamtprovision auf unserem Bankkonto und ausf\u00fcllen des Formular von Ihnen erhalten Sie Ihre Tippgeberprovision von <strong>11 %<\/strong> von unserer Maklerprovision ab.<\/p>\n","protected":false},"excerpt":{"rendered":"<p>Tippgeberprovision Ich beteilige Sie an meinen Erfolg. Sie haben von Bekannten, Verwandten, Freunden, Nachbarn oder Ihrem Vermieter erfahren, dass sie ihre Wohnung oder ihr Hauses verkaufen m\u00f6chten? Erz\u00e4hlen Sie mir davon und empfehlen Sie mich weiter. F\u00fchrt Ihr Tipp zum Abschluss eines Notariellen Kaufvertrags der von Ihnen genannten Immobilie durch mich, bekommen Sie als Tippgeber <a class=\"more\" href=\"https:\/\/mauerwerk-immobilien.de\/index.php\/ueber-uns\/partner\/\">Hier weiterlesen &raquo;<\/a><\/p>\n","protected":false},"author":1,"featured_media":0,"parent":38,"menu_order":0,"comment_status":"closed","ping_status":"closed","template":"","meta":[],"_links":{"self":[{"href":"https:\/\/mauerwerk-immobilien.de\/index.php\/wp-json\/wp\/v2\/pages\/140"}],"collection":[{"href":"https:\/\/mauerwerk-immobilien.de\/index.php\/wp-json\/wp\/v2\/pages"}],"about":[{"href":"https:\/\/mauerwerk-immobilien.de\/index.php\/wp-json\/wp\/v2\/types\/page"}],"author":[{"embeddable":true,"href":"https:\/\/mauerwerk-immobilien.de\/index.php\/wp-json\/wp\/v2\/users\/1"}],"replies":[{"embeddable":true,"href":"https:\/\/mauerwerk-immobilien.de\/index.php\/wp-json\/wp\/v2\/comments?post=140"}],"version-history":[{"count":17,"href":"https:\/\/mauerwerk-immobilien.de\/index.php\/wp-json\/wp\/v2\/pages\/140\/revisions"}],"predecessor-version":[{"id":993,"href":"https:\/\/mauerwerk-immobilien.de\/index.php\/wp-json\/wp\/v2\/pages\/140\/revisions\/993"}],"up":[{"embeddable":true,"href":"https:\/\/mauerwerk-immobilien.de\/index.php\/wp-json\/wp\/v2\/pages\/38"}],"wp:attachment":[{"href":"https:\/\/mauerwerk-immobilien.de\/index.php\/wp-json\/wp\/v2\/media?parent=140"}],"curies":[{"name":"wp","href":"https:\/\/api.w.org\/{rel}","templated":true}]}}