{"id":142,"date":"2015-05-20T13:28:37","date_gmt":"2015-05-20T11:28:37","guid":{"rendered":"http:\/\/schwabeimmo.effektor-showcase.de\/?page_id=142"},"modified":"2021-05-19T21:06:56","modified_gmt":"2021-05-19T19:06:56","slug":"referenzen","status":"publish","type":"page","link":"https:\/\/mauerwerk-immobilien.de\/index.php\/ueber-uns\/referenzen\/","title":{"rendered":"Referenzen"},"content":{"rendered":"<h2><span style=\"color: #800000;\">Kundenmeinungen:<\/span><\/h2>\n<p><em>&#8222;Ich habe Herrn Schwabe beauftragt meine Eigentumswohnung zu vermieten. Herrn Schwabe kann ich vorbehaltlos weiterempfehlen. Die ganze Abwicklung war zuverl\u00e4ssig, freundlich und kompetent. Die Wohnung war schnell vermietet. Wenn ich nochmal bedarf an einem Makler habe w\u00fcrde ich Herrn Schwabe wieder beauftragen.&#8220;<\/em><\/p>\n<p><strong>Andreas Westphal Vermieter Wohnung Maschen<\/strong><\/p>\n<p>\u00a0<\/p>\n<p><em>\u00a0Liebe Freunde &amp; Bekannte &amp; Gesch\u00e4ftspartner ich kann Euch den Herrn Schwabe \u00e4u\u00dferst empfehlen und zwar weil fachlich ein Profi ist! &amp; menschlich sehr sympathisch! <\/em><\/p>\n<p><em>Meinen Auftrag hat er <\/em><\/p>\n<p><strong>Christopher F.<\/strong><\/p>\n<p>\u00a0<\/p>\n<p><em>Wer auf der Suche nach einem Miet- oder Kaufobjekt ist und freundlich und kompetent beraten werden m\u00f6chte, der ist bei Herrn Schwabe genau an der richtigen Adresse!<\/em><\/p>\n<p><em>Auf der Suche nach einer neuen Wohnung haben wir uns an ihn gewandt und wurden nicht entt\u00e4uscht. Bei der Besichtigung hat er uns all unsere Fragen zu dem Objekt freundlich beantwortet und nahm sich die Zeit, die wir ben\u00f6tigen, um ein voll umfassendes Bild zu bekommen.<\/em><\/p>\n<p><em>Ein solch engagierten Makler findet man nicht alle Tage \u2013 Wir danken ihm f\u00fcr diesen tollen Besichtigungstermin!<\/em><\/p>\n<p><strong>Kai B. Mietinteressent<\/strong><\/p>\n<h2>\u00a0<\/h2>\n<p><em>Wir sind sehr froh das wir Herr Schwabe kennen gelernt haben.\u00a0<\/em><\/p>\n<p><em>er hat sein Job sehr gut gemacht. wir waren gleich sehr begeistert von der Besichtigung.\u00a0<\/em><\/p>\n<p><em>der Ablauf und die Gespr\u00e4che waren sehr angenehm.\u00a0<\/em><\/p>\n<p><em>da wir sehr froh waren eine sch\u00f6ne Immobilie gesehen zu haben, waren wir auch froh durch die F\u00fchrung von Herrn Schwabe.\u00a0<\/em><\/p>\n<p><em>Auch der sp\u00e4tere Ablauf mit Telefonaten\/mietvertr\u00e4ge lief wunderbar und man konnte sehr sicher sein, das es wie besprochen ablief.\u00a0<\/em><\/p>\n<p><em>wir bedanken uns.\u00a0<\/em><\/p>\n<p><strong>Liebe Gr\u00fc\u00dfe Davide D&#8217;Agostino &amp; Janine Hoeldtke Mieter<\/strong><\/p>\n<h2>\u00a0<\/h2>\n<h2><span style=\"color: #800000;\">Referenzobjekte:<\/span><\/h2>\n<h3><strong>Helle und ruhige 2-Zimmer-Wohnung mit Balkon und Tiefgaragenstellplatz in zentraler Lage von Rissen<\/strong><\/h3>\n<p><a href=\"https:\/\/mauerwerk-immobilien.de\/wp-content\/uploads\/2015\/05\/verkauft-neu.jpg\"><img decoding=\"async\" class=\"alignnone size-full wp-image-258\" src=\"https:\/\/mauerwerk-immobilien.de\/wp-content\/uploads\/2015\/05\/verkauft-neu.jpg\" alt=\"verkauft neu\" \/><\/a><\/p>\n<p>Lage: Hamburg \/ Rissen<\/p>\n<p>Fl\u00e4che: ca. 68 m\u00b2<\/p>\n<p>Zimmer: 2<\/p>\n<p>\u00a0<\/p>\n<h3>Helle und frisch renovierte 3-Zimmer Wohnung mit Balkon in Seevetal \/ Maschen<\/h3>\n<p><a href=\"https:\/\/mauerwerk-immobilien.de\/wp-content\/uploads\/2017\/05\/DSC_08091-e1498857248316.jpg\"><img decoding=\"async\" loading=\"lazy\" class=\" size-full wp-image-319 alignnone\" src=\"https:\/\/mauerwerk-immobilien.de\/wp-content\/uploads\/2017\/05\/DSC_08091-e1498857248316.jpg\" alt=\"DSC_0809\" width=\"600\" height=\"400\" \/><\/a><\/p>\n<p>Lage: Maschen \/ Seevetal<\/p>\n<p>Fl\u00e4che: ca. 79 m\u00b2<\/p>\n<p>Zimmer: 3<\/p>\n<p>\u00a0<\/p>\n<h3>3-Zimmer-Wohnung mit Balkon in Hamburg \/ Marmstorf in ruhiger Sackgasse<\/h3>\n<p><img decoding=\"async\" loading=\"lazy\" class=\"alignnone wp-image-352 size-full\" src=\"https:\/\/mauerwerk-immobilien.de\/wp-content\/uploads\/2017\/06\/DSC_0841-1-e1502261736785.jpg\" alt=\"\" width=\"600\" height=\"400\" \/><\/p>\n<p>Lage: Hamburg \/ Marmstorf<\/p>\n<p>Fl\u00e4che: ca. 74 m\u00b2<\/p>\n<p>Zimmer: 3<\/p>\n<p>HELLE UND FRISCH RENOVIERTE 3-ZIMMER WOHNUNG MIT BALKON IN SEEVETAL \/ MASCHEN<\/p>\n<p><a href=\"https:\/\/mauerwerk-immobilien.de\/wp-content\/uploads\/2018\/07\/Werbebild-2-e1537123856304.jpg\"><img decoding=\"async\" loading=\"lazy\" class=\"aligncenter size-full wp-image-467\" src=\"https:\/\/mauerwerk-immobilien.de\/wp-content\/uploads\/2018\/07\/Werbebild-2-e1537123856304.jpg\" alt=\"\" width=\"600\" height=\"407\" \/><\/a><\/p>\n<p>Lage: Maschen \/ Seevetal<\/p>\n<p>Fl\u00e4che: ca. 79 m\u00b2<\/p>\n<p>Zimmer: 3<\/p>\n\n\n<h2 class=\"wp-block-heading\">3-Zimmer-Wohnung mit Balkon in Hamburg \/ Marmstorf in ruhiger Sackgasse<\/h2>\n\n\n\n<figure class=\"wp-block-image size-large\"><img decoding=\"async\" loading=\"lazy\" width=\"1024\" height=\"683\" src=\"https:\/\/mauerwerk-immobilien.de\/wp-content\/uploads\/2021\/05\/Wohnungvermietung-Marmstorf-1024x683.jpg\" alt=\"\" class=\"wp-image-647\" srcset=\"https:\/\/mauerwerk-immobilien.de\/wp-content\/uploads\/2021\/05\/Wohnungvermietung-Marmstorf-1024x683.jpg 1024w, https:\/\/mauerwerk-immobilien.de\/wp-content\/uploads\/2021\/05\/Wohnungvermietung-Marmstorf-300x200.jpg 300w, https:\/\/mauerwerk-immobilien.de\/wp-content\/uploads\/2021\/05\/Wohnungvermietung-Marmstorf-768x512.jpg 768w, https:\/\/mauerwerk-immobilien.de\/wp-content\/uploads\/2021\/05\/Wohnungvermietung-Marmstorf-1536x1024.jpg 1536w, https:\/\/mauerwerk-immobilien.de\/wp-content\/uploads\/2021\/05\/Wohnungvermietung-Marmstorf-2048x1365.jpg 2048w, https:\/\/mauerwerk-immobilien.de\/wp-content\/uploads\/2021\/05\/Wohnungvermietung-Marmstorf-600x400.jpg 600w\" sizes=\"(max-width: 1024px) 100vw, 1024px\" \/><\/figure>\n\n\n\n<p>Lage: Hamburg \/ Marmstorf<\/p>\n\n\n\n<p>Fl\u00e4che: ca. 74 m\u00b2<\/p>\n\n\n\n<p>Zimmer: 3<\/p>\n\n\n\n<h2 class=\"wp-block-heading\">3 Zimmer Wohnung mit Balkon in Niedersachen \/ Neu Wulmstorf<\/h2>\n\n\n\n<figure class=\"wp-block-image size-large\"><img decoding=\"async\" loading=\"lazy\" width=\"1024\" height=\"683\" src=\"https:\/\/mauerwerk-immobilien.de\/wp-content\/uploads\/2021\/05\/Wohnung-Neu-Wulmstorf-vermietet-1024x683.jpg\" alt=\"\" class=\"wp-image-649\" srcset=\"https:\/\/mauerwerk-immobilien.de\/wp-content\/uploads\/2021\/05\/Wohnung-Neu-Wulmstorf-vermietet-1024x683.jpg 1024w, https:\/\/mauerwerk-immobilien.de\/wp-content\/uploads\/2021\/05\/Wohnung-Neu-Wulmstorf-vermietet-300x200.jpg 300w, https:\/\/mauerwerk-immobilien.de\/wp-content\/uploads\/2021\/05\/Wohnung-Neu-Wulmstorf-vermietet-768x512.jpg 768w, https:\/\/mauerwerk-immobilien.de\/wp-content\/uploads\/2021\/05\/Wohnung-Neu-Wulmstorf-vermietet-1536x1024.jpg 1536w, https:\/\/mauerwerk-immobilien.de\/wp-content\/uploads\/2021\/05\/Wohnung-Neu-Wulmstorf-vermietet-2048x1365.jpg 2048w, https:\/\/mauerwerk-immobilien.de\/wp-content\/uploads\/2021\/05\/Wohnung-Neu-Wulmstorf-vermietet-600x400.jpg 600w\" sizes=\"(max-width: 1024px) 100vw, 1024px\" \/><\/figure>\n\n\n\n<p>Lage: Niedersachen \/ Neu Wulmstorf<\/p>\n\n\n\n<p>Fl\u00e4che: ca.  \u00b2<\/p>\n\n\n\n<p>Zimmer: 3<\/p>\n","protected":false},"excerpt":{"rendered":"<p>Kundenmeinungen: &#8222;Ich habe Herrn Schwabe beauftragt meine Eigentumswohnung zu vermieten. Herrn Schwabe kann ich vorbehaltlos weiterempfehlen. Die ganze Abwicklung war zuverl\u00e4ssig, freundlich und kompetent. Die Wohnung war schnell vermietet. Wenn ich nochmal bedarf an einem Makler habe w\u00fcrde ich Herrn Schwabe wieder beauftragen.&#8220; Andreas Westphal Vermieter Wohnung Maschen \u00a0 \u00a0Liebe Freunde &amp; Bekannte &amp; Gesch\u00e4ftspartner <a class=\"more\" href=\"https:\/\/mauerwerk-immobilien.de\/index.php\/ueber-uns\/referenzen\/\">Hier weiterlesen &raquo;<\/a><\/p>\n","protected":false},"author":1,"featured_media":0,"parent":38,"menu_order":1,"comment_status":"closed","ping_status":"closed","template":"","meta":[],"_links":{"self":[{"href":"https:\/\/mauerwerk-immobilien.de\/index.php\/wp-json\/wp\/v2\/pages\/142"}],"collection":[{"href":"https:\/\/mauerwerk-immobilien.de\/index.php\/wp-json\/wp\/v2\/pages"}],"about":[{"href":"https:\/\/mauerwerk-immobilien.de\/index.php\/wp-json\/wp\/v2\/types\/page"}],"author":[{"embeddable":true,"href":"https:\/\/mauerwerk-immobilien.de\/index.php\/wp-json\/wp\/v2\/users\/1"}],"replies":[{"embeddable":true,"href":"https:\/\/mauerwerk-immobilien.de\/index.php\/wp-json\/wp\/v2\/comments?post=142"}],"version-history":[{"count":20,"href":"https:\/\/mauerwerk-immobilien.de\/index.php\/wp-json\/wp\/v2\/pages\/142\/revisions"}],"predecessor-version":[{"id":650,"href":"https:\/\/mauerwerk-immobilien.de\/index.php\/wp-json\/wp\/v2\/pages\/142\/revisions\/650"}],"up":[{"embeddable":true,"href":"https:\/\/mauerwerk-immobilien.de\/index.php\/wp-json\/wp\/v2\/pages\/38"}],"wp:attachment":[{"href":"https:\/\/mauerwerk-immobilien.de\/index.php\/wp-json\/wp\/v2\/media?parent=142"}],"curies":[{"name":"wp","href":"https:\/\/api.w.org\/{rel}","templated":true}]}}