{"id":38,"date":"2015-05-13T13:22:45","date_gmt":"2015-05-13T11:22:45","guid":{"rendered":"http:\/\/schwabeimmo.effektor-showcase.de\/?page_id=38"},"modified":"2025-09-15T22:00:00","modified_gmt":"2025-09-15T20:00:00","slug":"ueber-uns","status":"publish","type":"page","link":"https:\/\/mauerwerk-immobilien.de\/index.php\/ueber-uns\/","title":{"rendered":"\u00dcber Uns"},"content":{"rendered":"<h2><span style=\"color: #800000;\">Mauerwerk Hamburg Immobilien<\/span><\/h2>\n<p>Ist im Jahr 2015 gegr\u00fcndetes, modernes und innovatives Immobilienmaklerunternehmen. Ich lege gr\u00f6\u00dften Wert darauf regional t\u00e4tig zu sein und meine Kunden in allen Phasen der Immobiliensuche oder eines Immobilienverkaufs kompetent zu beraten.<\/p>\n<p>Das Unternehmen hat sich auf die Vermarktung von Wohnungen, H\u00e4usern und Baugrundst\u00fccken im Hamburg, insbesondere den Elbinseln und dem angrenzenden Niedersachen spezialisiert.<\/p>\n<h2><span style=\"color: #800000;\">\u00a0Ihr Immobilienmakler und Gesch\u00e4ftsf\u00fchrer Stefan Schwabe<\/span><\/h2>\n<p><a href=\"https:\/\/mauerwerk-immobilien.de\/wp-content\/uploads\/2024\/10\/Bild-Stefan-neu.jpeg\"><img decoding=\"async\" loading=\"lazy\" class=\"alignnone wp-image-781 size-full\" src=\"https:\/\/mauerwerk-immobilien.de\/wp-content\/uploads\/2024\/10\/Bild-Stefan-neu.jpeg\" alt=\"\" width=\"1170\" height=\"1424\" srcset=\"https:\/\/mauerwerk-immobilien.de\/wp-content\/uploads\/2024\/10\/Bild-Stefan-neu.jpeg 1170w, https:\/\/mauerwerk-immobilien.de\/wp-content\/uploads\/2024\/10\/Bild-Stefan-neu-246x300.jpeg 246w, https:\/\/mauerwerk-immobilien.de\/wp-content\/uploads\/2024\/10\/Bild-Stefan-neu-841x1024.jpeg 841w, https:\/\/mauerwerk-immobilien.de\/wp-content\/uploads\/2024\/10\/Bild-Stefan-neu-768x935.jpeg 768w\" sizes=\"(max-width: 1170px) 100vw, 1170px\" \/><\/a><\/p>\n<p>Ich freue mich, dass meine Website Ihr Interesse geweckt hat und m\u00f6chte mich gern pers\u00f6nlich bei Ihnen vorstellen.<\/p>\n<p>Ich habe im Jahr 2015 Mauerwerk Hamburg Immobilien GmbH gegr\u00fcndet. Seitdem treibt mich als Gesch\u00e4ftsf\u00fchrer die Leidenschaft f\u00fcr Immobilien und den Anspruch meinen Kunden den perfekten Service anzubieten an.<\/p>\n<p><em>Profitieren Sie als mein Kunde von meiner Professionalit\u00e4t und meiner strukturierter Arbeitsweise.<\/em><\/p>\n<h2><span style=\"color: #800000;\">Ihr Senior Neukundenberater J\u00f6rg Freiheit<\/span><\/h2>\n<p><a href=\"https:\/\/mauerwerk-immobilien.de\/wp-content\/uploads\/2024\/10\/Bild-Joerg.jpeg\"><img decoding=\"async\" loading=\"lazy\" class=\"alignnone wp-image-782 size-full\" src=\"https:\/\/mauerwerk-immobilien.de\/wp-content\/uploads\/2024\/10\/Bild-Joerg.jpeg\" alt=\"\" width=\"1170\" height=\"1289\" srcset=\"https:\/\/mauerwerk-immobilien.de\/wp-content\/uploads\/2024\/10\/Bild-Joerg.jpeg 1170w, https:\/\/mauerwerk-immobilien.de\/wp-content\/uploads\/2024\/10\/Bild-Joerg-272x300.jpeg 272w, https:\/\/mauerwerk-immobilien.de\/wp-content\/uploads\/2024\/10\/Bild-Joerg-929x1024.jpeg 929w, https:\/\/mauerwerk-immobilien.de\/wp-content\/uploads\/2024\/10\/Bild-Joerg-768x846.jpeg 768w\" sizes=\"(max-width: 1170px) 100vw, 1170px\" \/><\/a><\/p>\n<p>Tel.: \u00a0\u00a0\u00a0\u00a0\u00a0 040 &#8211; 355 67 253<\/p>\n<p>Tel.: \u00a0 \u00a0 \u00a0 \u00a00176 \u00a0312 80 016<\/p>\n<p>Email:\u00a0\u00a0\u00a0 s.schwabe@mauerwerk-immobilien.de<\/p>\n","protected":false},"excerpt":{"rendered":"<p>Mauerwerk Hamburg Immobilien Ist im Jahr 2015 gegr\u00fcndetes, modernes und innovatives Immobilienmaklerunternehmen. Ich lege gr\u00f6\u00dften Wert darauf regional t\u00e4tig zu sein und meine Kunden in allen Phasen der Immobiliensuche oder eines Immobilienverkaufs kompetent zu beraten. Das Unternehmen hat sich auf die Vermarktung von Wohnungen, H\u00e4usern und Baugrundst\u00fccken im Hamburg, insbesondere den Elbinseln und dem angrenzenden <a class=\"more\" href=\"https:\/\/mauerwerk-immobilien.de\/index.php\/ueber-uns\/\">Hier weiterlesen &raquo;<\/a><\/p>\n","protected":false},"author":1,"featured_media":0,"parent":0,"menu_order":0,"comment_status":"closed","ping_status":"closed","template":"","meta":[],"_links":{"self":[{"href":"https:\/\/mauerwerk-immobilien.de\/index.php\/wp-json\/wp\/v2\/pages\/38"}],"collection":[{"href":"https:\/\/mauerwerk-immobilien.de\/index.php\/wp-json\/wp\/v2\/pages"}],"about":[{"href":"https:\/\/mauerwerk-immobilien.de\/index.php\/wp-json\/wp\/v2\/types\/page"}],"author":[{"embeddable":true,"href":"https:\/\/mauerwerk-immobilien.de\/index.php\/wp-json\/wp\/v2\/users\/1"}],"replies":[{"embeddable":true,"href":"https:\/\/mauerwerk-immobilien.de\/index.php\/wp-json\/wp\/v2\/comments?post=38"}],"version-history":[{"count":24,"href":"https:\/\/mauerwerk-immobilien.de\/index.php\/wp-json\/wp\/v2\/pages\/38\/revisions"}],"predecessor-version":[{"id":923,"href":"https:\/\/mauerwerk-immobilien.de\/index.php\/wp-json\/wp\/v2\/pages\/38\/revisions\/923"}],"wp:attachment":[{"href":"https:\/\/mauerwerk-immobilien.de\/index.php\/wp-json\/wp\/v2\/media?parent=38"}],"curies":[{"name":"wp","href":"https:\/\/api.w.org\/{rel}","templated":true}]}}