{"id":40,"date":"2015-05-13T13:28:11","date_gmt":"2015-05-13T11:28:11","guid":{"rendered":"http:\/\/schwabeimmo.effektor-showcase.de\/?page_id=40"},"modified":"2015-05-20T13:04:07","modified_gmt":"2015-05-20T11:04:07","slug":"aktuelles","status":"publish","type":"page","link":"https:\/\/mauerwerk-immobilien.de\/index.php\/aktuelles\/","title":{"rendered":"Aktuelles"},"content":{"rendered":"<p>Regelm\u00e4\u00dfig halte ich Sie in dieser Rubrik \u00fcber aktuelle Immobilientrends informiert und stelle Ihnen Aktionen vor, die ich f\u00fcr Sie organisiere!<\/p>\n<p>Schauen Sie regelm\u00e4\u00dfig vorbei, es lohnt sich f\u00fcr Sie.<\/p>\n\n<!-- NOTE: If you need to make changes to this file, copy it to your current theme's main\n\tdirectory so your changes won't be overwritten when the plugin is upgraded. -->\n\n<!-- Post Wrap Start-->\n<div class=\"post hentry ivycat-post\">\n\n\t<!-- \tThis outputs the post TITLE -->\n\t<h2 class=\"entry-title\"><a href=\"https:\/\/mauerwerk-immobilien.de\/index.php\/2017\/08\/09\/sie-haben-keine-lust-mehr-auf-den-vermietungsaufwand\/\">Sie haben keine Lust mehr auf den Vermietungsaufwand?<\/a><\/h2>\n\n\t<!-- \tThis outputs the post EXCERPT.  To display full content including images and html,\n\t\treplace the_excerpt(); with the_content();  below. -->\n\t<div class=\"entry-summary\">\n\t\t<p>Sie haben keine Lust mehr auf den Vermietungsaufwand? Ich vermiete Ihre Wohnung f\u00fcr 899 \u20ac\u00a0 (inklusive Mehrwertsteuer) Nutzen Sie meinen Service: Markteinsch\u00e4tzung der Mieth\u00f6he Erstellung eines repr\u00e4sentativen Expos\u00e9 Werbema\u00dfnahmen mit Hinweisschildern Besichtungstermine mit Mietinteressenten Pr\u00fcfung der Bonit\u00e4t der Mietinteressenten Unterst\u00fctzung beim Erstellen des Mietvertrages Wohnungs\u00fcbergabe mit \u00dcbergabeprotokoll Lassen Sie sich in einem pers\u00f6nlichen Gespr\u00e4ch beraten.<\/p>\n\t<\/div>\n\n\t<!--\tThis outputs the post META information -->\n\t<div class=\"entry-utility\">\n\t\t\t\t\t<span class=\"cat-links\">\n\t\t\t\t<span class=\"entry-utility-prep entry-utility-prep-cat-links\">Posted in<\/span> <a href=\"https:\/\/mauerwerk-immobilien.de\/index.php\/category\/aktuelles\/\" rel=\"category tag\">Aktuelles<\/a>\t\t\t<\/span>\n\t\t\t<span class=\"meta-sep\">|<\/span>\n\t\t\t\t\t\t<span class=\"comments-link\">\n\t\t\t<span>Kommentare deaktiviert<span class=\"screen-reader-text\"> f\u00fcr Sie haben keine Lust mehr auf den Vermietungsaufwand?<\/span><\/span>\t\t<\/span>\n\t\t\t<\/div>\n<\/div>\n<!-- \/\/ Post Wrap End -->\n\n<!-- NOTE: If you need to make changes to this file, copy it to your current theme's main\n\tdirectory so your changes won't be overwritten when the plugin is upgraded. -->\n\n<!-- Post Wrap Start-->\n<div class=\"post hentry ivycat-post\">\n\n\t<!-- \tThis outputs the post TITLE -->\n\t<h2 class=\"entry-title\"><a href=\"https:\/\/mauerwerk-immobilien.de\/index.php\/2017\/08\/06\/elbe-wochenblatt-zeitungsbeitrag-vom-04-mai-2016-hamburg-wilhelmsburg-hamburg-harburg-und-hamburg-suederelbe\/\">Elbe Wochenblatt Zeitungsbeitrag vom 04. Mai. 2016 Hamburg Wilhelmsburg, Hamburg Harburg und Hamburg S\u00fcderelbe<\/a><\/h2>\n\n\t<!-- \tThis outputs the post EXCERPT.  To display full content including images and html,\n\t\treplace the_excerpt(); with the_content();  below. -->\n\t<div class=\"entry-summary\">\n\t\t<p>Das Elbe Wochenblatt hat in seiner Ausgabe am 04. Mai. 2016 in Hamburg Wilhelmsburg, Hamburg Harburg und Hamburg S\u00fcderelbe \u00fcber mich geschrieben! Viel Freude beim lesen! &nbsp;<\/p>\n\t<\/div>\n\n\t<!--\tThis outputs the post META information -->\n\t<div class=\"entry-utility\">\n\t\t\t\t\t<span class=\"cat-links\">\n\t\t\t\t<span class=\"entry-utility-prep entry-utility-prep-cat-links\">Posted in<\/span> <a href=\"https:\/\/mauerwerk-immobilien.de\/index.php\/category\/aktuelles\/\" rel=\"category tag\">Aktuelles<\/a>\t\t\t<\/span>\n\t\t\t<span class=\"meta-sep\">|<\/span>\n\t\t\t\t\t\t<span class=\"comments-link\">\n\t\t\t<span>Kommentare deaktiviert<span class=\"screen-reader-text\"> f\u00fcr Elbe Wochenblatt Zeitungsbeitrag vom 04. Mai. 2016 Hamburg Wilhelmsburg, Hamburg Harburg und Hamburg S\u00fcderelbe<\/span><\/span>\t\t<\/span>\n\t\t\t<\/div>\n<\/div>\n<!-- \/\/ Post Wrap End -->\n\n<!-- NOTE: If you need to make changes to this file, copy it to your current theme's main\n\tdirectory so your changes won't be overwritten when the plugin is upgraded. -->\n\n<!-- Post Wrap Start-->\n<div class=\"post hentry ivycat-post\">\n\n\t<!-- \tThis outputs the post TITLE -->\n\t<h2 class=\"entry-title\"><a href=\"https:\/\/mauerwerk-immobilien.de\/index.php\/2016\/04\/16\/wir-feiern-unseren-1-geburtstag\/\">Wir feiern unseren 2. Geburtstag!<\/a><\/h2>\n\n\t<!-- \tThis outputs the post EXCERPT.  To display full content including images and html,\n\t\treplace the_excerpt(); with the_content();  below. -->\n\t<div class=\"entry-summary\">\n\t\t<p>Feiern Sie mit und empfehlen Sie mich weiter!<\/p>\n\t<\/div>\n\n\t<!--\tThis outputs the post META information -->\n\t<div class=\"entry-utility\">\n\t\t\t\t\t<span class=\"cat-links\">\n\t\t\t\t<span class=\"entry-utility-prep entry-utility-prep-cat-links\">Posted in<\/span> <a href=\"https:\/\/mauerwerk-immobilien.de\/index.php\/category\/aktuelles\/\" rel=\"category tag\">Aktuelles<\/a>\t\t\t<\/span>\n\t\t\t<span class=\"meta-sep\">|<\/span>\n\t\t\t\t\t\t<span class=\"comments-link\">\n\t\t\t<span>Kommentare deaktiviert<span class=\"screen-reader-text\"> f\u00fcr Wir feiern unseren 2. Geburtstag!<\/span><\/span>\t\t<\/span>\n\t\t\t<\/div>\n<\/div>\n<!-- \/\/ Post Wrap End -->\n\n<!-- NOTE: If you need to make changes to this file, copy it to your current theme's main\n\tdirectory so your changes won't be overwritten when the plugin is upgraded. -->\n\n<!-- Post Wrap Start-->\n<div class=\"post hentry ivycat-post\">\n\n\t<!-- \tThis outputs the post TITLE -->\n\t<h2 class=\"entry-title\"><a href=\"https:\/\/mauerwerk-immobilien.de\/index.php\/2016\/01\/27\/aktuelle-immobiliensuche-fuer-vorgemerkte-interessenten\/\">Aktuelle Immobiliensuche f\u00fcr vorgemerkte Interessenten<\/a><\/h2>\n\n\t<!-- \tThis outputs the post EXCERPT.  To display full content including images and html,\n\t\treplace the_excerpt(); with the_content();  below. -->\n\t<div class=\"entry-summary\">\n\t\t<p>Mir liegen eine Vielzahl von Suchanfragen f\u00fcr die Stadtteile Wilhelmsburg und Neugraben vor. In Wilhelmsburg wird ein Baugrundst\u00fcck, ein Einfamilienhaus \/ Doppelhaush\u00e4lfte und eine Eigentumswohnung gesucht. Au\u00dferdem wird in\u00a0Neugraben \/ Hausbruch ein Einfamilienhaus \/ Doppelhaush\u00e4lfte f\u00fcr vorgemerkte Interessenten gesucht. Wenn Sie jemanden kennen oder selbst Ihre Immobilie verkaufen m\u00f6chten , kontaktieren Sie mich gerne unter <a class=\"more\" href=\"https:\/\/mauerwerk-immobilien.de\/index.php\/2016\/01\/27\/aktuelle-immobiliensuche-fuer-vorgemerkte-interessenten\/\">Hier weiterlesen &raquo;<\/a><\/p>\n\t<\/div>\n\n\t<!--\tThis outputs the post META information -->\n\t<div class=\"entry-utility\">\n\t\t\t\t\t<span class=\"cat-links\">\n\t\t\t\t<span class=\"entry-utility-prep entry-utility-prep-cat-links\">Posted in<\/span> <a href=\"https:\/\/mauerwerk-immobilien.de\/index.php\/category\/aktuelles\/\" rel=\"category tag\">Aktuelles<\/a>\t\t\t<\/span>\n\t\t\t<span class=\"meta-sep\">|<\/span>\n\t\t\t\t\t\t<span class=\"comments-link\">\n\t\t\t<span>Kommentare deaktiviert<span class=\"screen-reader-text\"> f\u00fcr Aktuelle Immobiliensuche f\u00fcr vorgemerkte Interessenten<\/span><\/span>\t\t<\/span>\n\t\t\t<\/div>\n<\/div>\n<!-- \/\/ Post Wrap End -->\n\n<!-- NOTE: If you need to make changes to this file, copy it to your current theme's main\n\tdirectory so your changes won't be overwritten when the plugin is upgraded. -->\n\n<!-- Post Wrap Start-->\n<div class=\"post hentry ivycat-post\">\n\n\t<!-- \tThis outputs the post TITLE -->\n\t<h2 class=\"entry-title\"><a href=\"https:\/\/mauerwerk-immobilien.de\/index.php\/2015\/05\/20\/gesetzes-aenderung-zum-01-06-2015\/\">Mietpreisbremse und Bestellprinzip  sind zum 1. Juni 2015 in kraft getreten<\/a><\/h2>\n\n\t<!-- \tThis outputs the post EXCERPT.  To display full content including images and html,\n\t\treplace the_excerpt(); with the_content();  below. -->\n\t<div class=\"entry-summary\">\n\t\t<p>Zum 1. Juni 2015 sind die Gesetze Mietpreisbremse und das Bestellprinzip in kraft getreten. Was bedeuten die neuen Gesetze f\u00fcr Sie? Aufgrund der Mietpreisbremse d\u00fcrfen k\u00fcnftig die Mieten nach Neuvermietung nicht mehr um als 10 % \u00fcber die orts\u00fcbliche Vergleichsmiete liegen. Das Bestellprinzip ist ab den 1. Juni 2015 in kraft getreten. Was bedeutet die <a class=\"more\" href=\"https:\/\/mauerwerk-immobilien.de\/index.php\/2015\/05\/20\/gesetzes-aenderung-zum-01-06-2015\/\">Hier weiterlesen &raquo;<\/a><\/p>\n\t<\/div>\n\n\t<!--\tThis outputs the post META information -->\n\t<div class=\"entry-utility\">\n\t\t\t\t\t<span class=\"cat-links\">\n\t\t\t\t<span class=\"entry-utility-prep entry-utility-prep-cat-links\">Posted in<\/span> <a href=\"https:\/\/mauerwerk-immobilien.de\/index.php\/category\/aktuelles\/\" rel=\"category tag\">Aktuelles<\/a>\t\t\t<\/span>\n\t\t\t<span class=\"meta-sep\">|<\/span>\n\t\t\t\t\t\t<span class=\"comments-link\">\n\t\t\t<span>Kommentare deaktiviert<span class=\"screen-reader-text\"> f\u00fcr Mietpreisbremse und Bestellprinzip  sind zum 1. Juni 2015 in kraft getreten<\/span><\/span>\t\t<\/span>\n\t\t\t<\/div>\n<\/div>\n<!-- \/\/ Post Wrap End -->\n\n","protected":false},"excerpt":{"rendered":"<p>Regelm\u00e4\u00dfig halte ich Sie in dieser Rubrik \u00fcber aktuelle Immobilientrends informiert und stelle Ihnen Aktionen vor, die ich f\u00fcr Sie organisiere! Schauen Sie regelm\u00e4\u00dfig vorbei, es lohnt sich f\u00fcr Sie.<\/p>\n","protected":false},"author":1,"featured_media":0,"parent":0,"menu_order":0,"comment_status":"closed","ping_status":"closed","template":"","meta":[],"_links":{"self":[{"href":"https:\/\/mauerwerk-immobilien.de\/index.php\/wp-json\/wp\/v2\/pages\/40"}],"collection":[{"href":"https:\/\/mauerwerk-immobilien.de\/index.php\/wp-json\/wp\/v2\/pages"}],"about":[{"href":"https:\/\/mauerwerk-immobilien.de\/index.php\/wp-json\/wp\/v2\/types\/page"}],"author":[{"embeddable":true,"href":"https:\/\/mauerwerk-immobilien.de\/index.php\/wp-json\/wp\/v2\/users\/1"}],"replies":[{"embeddable":true,"href":"https:\/\/mauerwerk-immobilien.de\/index.php\/wp-json\/wp\/v2\/comments?post=40"}],"version-history":[{"count":12,"href":"https:\/\/mauerwerk-immobilien.de\/index.php\/wp-json\/wp\/v2\/pages\/40\/revisions"}],"predecessor-version":[{"id":132,"href":"https:\/\/mauerwerk-immobilien.de\/index.php\/wp-json\/wp\/v2\/pages\/40\/revisions\/132"}],"wp:attachment":[{"href":"https:\/\/mauerwerk-immobilien.de\/index.php\/wp-json\/wp\/v2\/media?parent=40"}],"curies":[{"name":"wp","href":"https:\/\/api.w.org\/{rel}","templated":true}]}}