{"id":527,"date":"2019-07-18T00:14:45","date_gmt":"2019-07-17T22:14:45","guid":{"rendered":"https:\/\/mauerwerk-immobilien.de\/?page_id=527"},"modified":"2019-07-23T20:36:34","modified_gmt":"2019-07-23T18:36:34","slug":"immobilien-senioren-service-2","status":"publish","type":"page","link":"https:\/\/mauerwerk-immobilien.de\/index.php\/immobilien-senioren-service-2\/","title":{"rendered":"Immobilien Senioren-Service"},"content":{"rendered":"\n<p style=\"color:#690202;font-size:28px\" class=\"has-text-color\"><strong> <\/strong>Immobilien Senioren-Service<\/p>\n\n\n\n<p><br>Ich unterst\u00fctze Sie, wenn Ihr Haus f\u00fcr Sie zu gro\u00df geworden ist und nicht mehr Ihren W\u00fcnschen nach altersgerechtem Wohnen entspricht.<br>Mir wird oft der Zwiespalt zur\u00fcck gespielt. Das geliebte Haus, das mit vielen tollen Erlebnissen verbunden wird und auf der anderen Seite der Garten mit viel Arbeit und den vielen nicht mehr genutzten R\u00e4umen. Hierauf entf\u00e4llt viel Zeit, die man lieber mit anderen Dingen verbringen m\u00f6chte.<br>Daher habe ich mir zur Aufgabe gemacht, einen Service anzubieten, der sich nicht nur auf den Verkauf Ihrer Immobilie konzentriert, sondern Sie und Ihre aktuellen Bed\u00fcrfnisse in den Mittelpunkt stellt. Vom Verkauf Ihrer Immobilie bis zum Bezug Ihres neuen Heims stehe ich an Ihrer Seite.\u00a0<br>Nutzen Sie mein Kontaktformular. Ich freue mich darauf Sie kennen zu lernen.<br><br><\/p>\n\n\n\n<p style=\"color:#690202;font-size:28px\" class=\"has-text-color\">Das neue Zuhause<\/p>\n\n\n\n<p><\/p>\n\n\n\n<p> Entsprechend Ihren W\u00fcnschen und Vorstellungen suche ich f\u00fcr Sie ein geeignetes neues Zuhause und bespreche mit Ihnen die Wohnm\u00f6glichkeiten.<br>Wenn es dann so weit ist, organisiere ich den kompletten Umzug f\u00fcr Sie und erledige f\u00fcr Sie alles rund ums Haus. <\/p>\n\n\n\n<p><\/p>\n\n\n\n<p style=\"color:#690202;font-size:28px\" class=\"has-text-color\">Der stressfreie Immobilie Verkauf<\/p>\n\n\n\n<p> <br>Sie genie\u00dfen die sch\u00f6nen Dinge im Leben und ich unterst\u00fctze Sie beim stressfreien Immobilienverkauf.<br>Die Vorteile auf einen Blick:<br>Ich erstelle f\u00fcr Sie eine Wertermittlung Ihrer Immobilie basierend auf der aktuellen Marktsituation und berate Sie bei der Preisfindung.<br>Wenn Sie mich mit dem Verkauf Ihrer Immobilie beauftragen, erhalten Sie eine ma\u00dfgeschneiderte Vermarktung Ihrer Immobilie, unter anderem durch die Erstellung eines repr\u00e4sentativen Expos\u00e9s und der Ver\u00f6ffentlichung Ihrer Immobilie auf unserer Homepage.<br>Eine Bonit\u00e4tspr\u00fcfung der Kaufinteressenten ist f\u00fcr mich ebenso selbstverst\u00e4ndlich, wie eine permanente Berichterstattung \u00fcber die aktuellen Verkaufsaktivit\u00e4ten.<br>In Abstimmung mit Ihnen organisiere ich die Durchf\u00fchrung von Besichtigungsterminen mit Kaufinteressenten und die anschlie\u00dfenden Verkaufsverhandlungen.<br>Zu den Notarterminen begleite ich Sie und stehe Ihnen beratend bei der Erstellung des Kaufvertrages zur Seite.<br>Mein Ziel eines jeden Kaufvertragsabschlusses ist eine reibungslose Objekt\u00fcbergabe zur Zufriedenheit meiner Kunden. <\/p>\n\n\n\n<figure class=\"wp-block-image\"><img decoding=\"async\" loading=\"lazy\" width=\"583\" height=\"600\" src=\"https:\/\/mauerwerk-immobilien.de\/wp-content\/uploads\/2019\/07\/J\u00f6rg-1.jpe\" alt=\"\" class=\"wp-image-593\" srcset=\"https:\/\/mauerwerk-immobilien.de\/wp-content\/uploads\/2019\/07\/J\u00f6rg-1.jpe 583w, https:\/\/mauerwerk-immobilien.de\/wp-content\/uploads\/2019\/07\/J\u00f6rg-1-292x300.jpe 292w\" sizes=\"(max-width: 583px) 100vw, 583px\" \/><\/figure>\n\n\n\n<p> <\/p>\n","protected":false},"excerpt":{"rendered":"<p>Immobilien Senioren-Service Ich unterst\u00fctze Sie, wenn Ihr Haus f\u00fcr Sie zu gro\u00df geworden ist und nicht mehr Ihren W\u00fcnschen nach altersgerechtem Wohnen entspricht.Mir wird oft der Zwiespalt zur\u00fcck gespielt. Das geliebte Haus, das mit vielen tollen Erlebnissen verbunden wird und auf der anderen Seite der Garten mit viel Arbeit und den vielen nicht mehr genutzten <a class=\"more\" href=\"https:\/\/mauerwerk-immobilien.de\/index.php\/immobilien-senioren-service-2\/\">Hier weiterlesen &raquo;<\/a><\/p>\n","protected":false},"author":1,"featured_media":0,"parent":0,"menu_order":0,"comment_status":"closed","ping_status":"closed","template":"","meta":[],"_links":{"self":[{"href":"https:\/\/mauerwerk-immobilien.de\/index.php\/wp-json\/wp\/v2\/pages\/527"}],"collection":[{"href":"https:\/\/mauerwerk-immobilien.de\/index.php\/wp-json\/wp\/v2\/pages"}],"about":[{"href":"https:\/\/mauerwerk-immobilien.de\/index.php\/wp-json\/wp\/v2\/types\/page"}],"author":[{"embeddable":true,"href":"https:\/\/mauerwerk-immobilien.de\/index.php\/wp-json\/wp\/v2\/users\/1"}],"replies":[{"embeddable":true,"href":"https:\/\/mauerwerk-immobilien.de\/index.php\/wp-json\/wp\/v2\/comments?post=527"}],"version-history":[{"count":9,"href":"https:\/\/mauerwerk-immobilien.de\/index.php\/wp-json\/wp\/v2\/pages\/527\/revisions"}],"predecessor-version":[{"id":595,"href":"https:\/\/mauerwerk-immobilien.de\/index.php\/wp-json\/wp\/v2\/pages\/527\/revisions\/595"}],"wp:attachment":[{"href":"https:\/\/mauerwerk-immobilien.de\/index.php\/wp-json\/wp\/v2\/media?parent=527"}],"curies":[{"name":"wp","href":"https:\/\/api.w.org\/{rel}","templated":true}]}}