{"id":57,"date":"2015-05-13T13:56:50","date_gmt":"2015-05-13T11:56:50","guid":{"rendered":"http:\/\/schwabeimmo.effektor-showcase.de\/?page_id=57"},"modified":"2025-09-15T22:28:38","modified_gmt":"2025-09-15T20:28:38","slug":"impressum","status":"publish","type":"page","link":"https:\/\/mauerwerk-immobilien.de\/index.php\/impressum\/","title":{"rendered":"Impressum"},"content":{"rendered":"<h2><strong>Angaben gem\u00e4\u00df \u00a7 5 TMG<\/strong><\/h2>\n<p><strong>Mauerwerk Hamburg Immobilien GmbH<\/strong><br>Am Musterplatz 32<br>21220 Seevetal<\/p>\n<p><b>Handelsregister:&nbsp; HRB 210936<\/b><\/p>\n<p><strong>Registergericht: Amtsgericht L\u00fcneburg<\/strong><\/p>\n<p><strong>Vertreten durch:<\/strong><\/p>\n<p>Stefan Schwabe<\/p>\n<h2>Kontakt:<\/h2>\n<p>Tel.: 040 \u2013 355 67 253<br>Mobil: 0176 31 28 0016<\/p>\n<p><a href=\"mailto:s.schwabe@mauerwerk-immobilien.de\">s.schwabe@mauerwerk-immobilien.de<\/a><br><a href=\"http:\/\/www.mauerwerk-immobilien.de\">www.mauerwerk-immobilien.de<\/a><\/p>\n<p><strong>Steuernummer<\/strong>: 50\/202\/05105 Finanzamt&nbsp; Winsen \/ Luhe<\/p>\n<p>Aufsichtsbeh\u00f6rde:<br>Erlaubnis nach \u00a7 34 c der Gewerbeordnung durch die:<br>Industrie- und Handelskammer<br>L\u00fcneburg-Wolfsburg<br>Am Sande 1<\/p>\n<p>21335 L\u00fcneburg<\/p>\n<p>https:\/\/www.ihk-lueneburg.de\/<\/p>\n<h2><strong>Redaktionell verantwortlich<\/strong><\/h2>\n<p>Stefan Schwabe<\/p>\n<p>Am Musterplatz 32<\/p>\n<p>21220 Seevetal<\/p>\n<div>\n<h2>EU-Streitschlichtung<\/h2>\n<p>Die Europ\u00e4ische Kommission stellt eine Plattform zur Online-Streitbeilegung (OS) bereit:&nbsp;<a href=\"https:\/\/ec.europa.eu\/consumers\/odr\/\" target=\"_blank\" rel=\"noopener noreferrer\">https:\/\/ec.europa.eu\/consumers\/odr\/<\/a>.<br>Unsere E-Mail-Adresse finden Sie oben im Impressum.<\/p>\n<h2>Verbraucher\u00adstreit\u00adbeilegung\/Universal\u00adschlichtungs\u00adstelle<\/h2>\n<p>Wir sind nicht bereit oder verpflichtet, an Streitbeilegungsverfahren vor einer Verbraucherschlichtungsstelle teilzunehmen.<\/p>\n<\/div>\n<p>Dieses Impressum gilt auch f\u00fcr die Social-Media Profile<\/p>\n<p><strong>Umsetzung Design und Layout<\/strong>:<br>effektor<br>agentur f\u00fcr interaktive medien<br>Oberaltenallee 20a<br>22081 Hamburg<br>Tel (040) 377 07 80-0<br>Fax (040) 377 07 80-11<br>anfrage@effektor.de<br><a href=\"http:\/\/www.effektor.de\" target=\"_blank\" rel=\"noopener\">www.effektor.de<\/a><\/p>\n<h4>Haftungshinweis:<\/h4>\n<p>Trotz sorgf\u00e4ltiger inhaltlicher Kontrolle \u00fcbernehmen wir keine Haftung f\u00fcr die Inhalte externer Auf dieser Website befinden sich Links zu anderen Inhalten im Internet. F\u00fcr diese Links gilt: Wir betonen ausdr\u00fccklich, dass wir keinerlei Einfluss auf die Gestaltung und die Inhalte der gelinkten Seiten \/ Inhalte haben. Deshalb distanzieren wir uns hiermit ausdr\u00fccklich von allen Inhalten aller gelinkten Seiten auf dieser Web-Site. Diese Erkl\u00e4rung gilt f\u00fcr alle Seiten dieser Seite, wo Links oder Banner auf externe Inhalte abgehen Links. F\u00fcr den Inhalt der verlinkten Seiten sind ausschlie\u00dflich deren Betreiber verantwortlich.<\/p>\n<h4>&nbsp;<\/h4>\n<p><\/p>\n\n\n<p><\/p>\n","protected":false},"excerpt":{"rendered":"<p>Angaben gem\u00e4\u00df \u00a7 5 TMG Mauerwerk Hamburg Immobilien GmbHAm Musterplatz 3221220 Seevetal Handelsregister:&nbsp; HRB 210936 Registergericht: Amtsgericht L\u00fcneburg Vertreten durch: Stefan Schwabe Kontakt: Tel.: 040 \u2013 355 67 253Mobil: 0176 31 28 0016 s.schwabe@mauerwerk-immobilien.dewww.mauerwerk-immobilien.de Steuernummer: 50\/202\/05105 Finanzamt&nbsp; Winsen \/ Luhe Aufsichtsbeh\u00f6rde:Erlaubnis nach \u00a7 34 c der Gewerbeordnung durch die:Industrie- und HandelskammerL\u00fcneburg-WolfsburgAm Sande 1 21335 L\u00fcneburg <a class=\"more\" href=\"https:\/\/mauerwerk-immobilien.de\/index.php\/impressum\/\">Hier weiterlesen &raquo;<\/a><\/p>\n","protected":false},"author":1,"featured_media":0,"parent":0,"menu_order":0,"comment_status":"closed","ping_status":"closed","template":"page_fullwidth.php","meta":[],"_links":{"self":[{"href":"https:\/\/mauerwerk-immobilien.de\/index.php\/wp-json\/wp\/v2\/pages\/57"}],"collection":[{"href":"https:\/\/mauerwerk-immobilien.de\/index.php\/wp-json\/wp\/v2\/pages"}],"about":[{"href":"https:\/\/mauerwerk-immobilien.de\/index.php\/wp-json\/wp\/v2\/types\/page"}],"author":[{"embeddable":true,"href":"https:\/\/mauerwerk-immobilien.de\/index.php\/wp-json\/wp\/v2\/users\/1"}],"replies":[{"embeddable":true,"href":"https:\/\/mauerwerk-immobilien.de\/index.php\/wp-json\/wp\/v2\/comments?post=57"}],"version-history":[{"count":25,"href":"https:\/\/mauerwerk-immobilien.de\/index.php\/wp-json\/wp\/v2\/pages\/57\/revisions"}],"predecessor-version":[{"id":925,"href":"https:\/\/mauerwerk-immobilien.de\/index.php\/wp-json\/wp\/v2\/pages\/57\/revisions\/925"}],"wp:attachment":[{"href":"https:\/\/mauerwerk-immobilien.de\/index.php\/wp-json\/wp\/v2\/media?parent=57"}],"curies":[{"name":"wp","href":"https:\/\/api.w.org\/{rel}","templated":true}]}}